{"id":343,"date":"2016-05-12T20:23:51","date_gmt":"2016-05-12T20:23:51","guid":{"rendered":"http:\/\/st-serviciotecnico.com.ar\/wordpress\/?page_id=343"},"modified":"2018-04-07T23:19:31","modified_gmt":"2018-04-07T23:19:31","slug":"seguridad-nacional","status":"publish","type":"page","link":"https:\/\/st-serviciotecnico.com.ar\/en\/seguridad-nacional\/","title":{"rendered":"National Security"},"content":{"rendered":"<p>\t\t<header class=\"vu_heading vu_h-alignment-left\">\r\n\t\t\t<h2 class=\"vu_h-heading m-b-0\">Special development for defense<\/h2>\r\n\r\n\t\t\t\t\t<\/header>\r\n\t\t\t<div class=\"vu_image-slider vu_is-navigation-always vu_is-pagination-always vu_carousel\" data-options=\"{&quot;singleItem&quot;:true,&quot;autoHeight&quot;:true,&quot;items&quot;:1,&quot;autoPlay&quot;:false,&quot;stopOnHover&quot;:true,&quot;navigation&quot;:true,&quot;navigationText&quot;:[&quot;&lt;i class=\\&quot;fa fa-angle-left\\&quot;&gt;&lt;\\\/i&gt;&quot;,&quot;&lt;i class=\\&quot;fa fa-angle-right\\&quot;&gt;&lt;\\\/i&gt;&quot;],&quot;rewindNav&quot;:true,&quot;scrollPerPage&quot;:true,&quot;pagination&quot;:true,&quot;paginationNumbers&quot;:false}\" data-delegate=\"a.vu_is-lightbox\">\r\n\t\t\t<div class=\"vu_is-item\"><figure class=\"vu_is-i-figure\"><img width=\"800\" height=\"600\" src=\"https:\/\/st-serviciotecnico.com.ar\/wordpress\/wp-content\/uploads\/2016\/07\/pasafoto-seguridad-nacional1-800x600.jpg\" class=\"attachment-transpress_ratio-4:3 size-transpress_ratio-4:3\" alt=\"\" loading=\"lazy\" srcset=\"https:\/\/st-serviciotecnico.com.ar\/wordpress\/wp-content\/uploads\/2016\/07\/pasafoto-seguridad-nacional1-800x600.jpg 800w, https:\/\/st-serviciotecnico.com.ar\/wordpress\/wp-content\/uploads\/2016\/07\/pasafoto-seguridad-nacional1-800x600-300x225.jpg 300w, https:\/\/st-serviciotecnico.com.ar\/wordpress\/wp-content\/uploads\/2016\/07\/pasafoto-seguridad-nacional1-800x600-768x576.jpg 768w\" sizes=\"(max-width: 800px) 100vw, 800px\" \/><\/figure><\/div><div class=\"vu_is-item\"><figure class=\"vu_is-i-figure\"><img width=\"800\" height=\"600\" src=\"https:\/\/st-serviciotecnico.com.ar\/wordpress\/wp-content\/uploads\/2016\/07\/pasafoto-seguridad-nacional-800x600.jpg\" class=\"attachment-transpress_ratio-4:3 size-transpress_ratio-4:3\" alt=\"\" loading=\"lazy\" srcset=\"https:\/\/st-serviciotecnico.com.ar\/wordpress\/wp-content\/uploads\/2016\/07\/pasafoto-seguridad-nacional-800x600.jpg 800w, https:\/\/st-serviciotecnico.com.ar\/wordpress\/wp-content\/uploads\/2016\/07\/pasafoto-seguridad-nacional-800x600-300x225.jpg 300w, https:\/\/st-serviciotecnico.com.ar\/wordpress\/wp-content\/uploads\/2016\/07\/pasafoto-seguridad-nacional-800x600-768x576.jpg 768w\" sizes=\"(max-width: 800px) 100vw, 800px\" \/><\/figure><\/div><div class=\"vu_is-item\"><figure class=\"vu_is-i-figure\"><img width=\"800\" height=\"600\" src=\"https:\/\/st-serviciotecnico.com.ar\/wordpress\/wp-content\/uploads\/2016\/07\/pasafoto-seguridad-nacional3-1-800x600.jpg\" class=\"attachment-transpress_ratio-4:3 size-transpress_ratio-4:3\" alt=\"\" loading=\"lazy\" srcset=\"https:\/\/st-serviciotecnico.com.ar\/wordpress\/wp-content\/uploads\/2016\/07\/pasafoto-seguridad-nacional3-1-800x600.jpg 800w, https:\/\/st-serviciotecnico.com.ar\/wordpress\/wp-content\/uploads\/2016\/07\/pasafoto-seguridad-nacional3-1-800x600-300x225.jpg 300w, https:\/\/st-serviciotecnico.com.ar\/wordpress\/wp-content\/uploads\/2016\/07\/pasafoto-seguridad-nacional3-1-800x600-768x576.jpg 768w\" sizes=\"(max-width: 800px) 100vw, 800px\" \/><\/figure><\/div><div class=\"vu_is-item\"><figure class=\"vu_is-i-figure\"><img width=\"800\" height=\"600\" src=\"https:\/\/st-serviciotecnico.com.ar\/wordpress\/wp-content\/uploads\/2016\/07\/pasafoto-seguridad-nacional4-1-800x600.jpg\" class=\"attachment-transpress_ratio-4:3 size-transpress_ratio-4:3\" alt=\"\" loading=\"lazy\" srcset=\"https:\/\/st-serviciotecnico.com.ar\/wordpress\/wp-content\/uploads\/2016\/07\/pasafoto-seguridad-nacional4-1-800x600.jpg 800w, https:\/\/st-serviciotecnico.com.ar\/wordpress\/wp-content\/uploads\/2016\/07\/pasafoto-seguridad-nacional4-1-800x600-300x225.jpg 300w, https:\/\/st-serviciotecnico.com.ar\/wordpress\/wp-content\/uploads\/2016\/07\/pasafoto-seguridad-nacional4-1-800x600-768x576.jpg 768w\" sizes=\"(max-width: 800px) 100vw, 800px\" \/><\/figure><\/div><div class=\"vu_is-item\"><figure class=\"vu_is-i-figure\"><img width=\"800\" height=\"600\" src=\"https:\/\/st-serviciotecnico.com.ar\/wordpress\/wp-content\/uploads\/2016\/07\/pasafoto-seguridad-nacional6-800x600.jpg\" class=\"attachment-transpress_ratio-4:3 size-transpress_ratio-4:3\" alt=\"\" loading=\"lazy\" srcset=\"https:\/\/st-serviciotecnico.com.ar\/wordpress\/wp-content\/uploads\/2016\/07\/pasafoto-seguridad-nacional6-800x600.jpg 800w, https:\/\/st-serviciotecnico.com.ar\/wordpress\/wp-content\/uploads\/2016\/07\/pasafoto-seguridad-nacional6-800x600-300x225.jpg 300w, https:\/\/st-serviciotecnico.com.ar\/wordpress\/wp-content\/uploads\/2016\/07\/pasafoto-seguridad-nacional6-800x600-768x576.jpg 768w\" sizes=\"(max-width: 800px) 100vw, 800px\" \/><\/figure><\/div>\t\t<\/div>\r\n\t<strong>Our jobs:<\/strong><\/p>\n<ul class=\"vu_services-list list-unstyled\" style=\"padding-left: 70px;\">\n<li><i class=\"fa fa-check\"><\/i>Retrofit, construcci\u00f3n e instalaci\u00f3n de dispositivos electr\u00f3nicos transporte de munici\u00f3n y de disparo.<\/li>\n<li><i class=\"fa fa-check\"><\/i>Mantenimiento y reparaci\u00f3n de sistemas electrohidr\u00e1ulica especiales. Alza, giro y motorizaci\u00f3n.<\/li>\n<li><i class=\"fa fa-check\"><\/i>Sistema de prevenci\u00f3n perimetral externo, proyectado con barreras de microondas.<\/li>\n<li><i class=\"fa fa-check\"><\/i>Sistema de detecci\u00f3n de patentes, estad\u00edsticos, avisos.<\/li>\n<li><i class=\"fa fa-check\"><\/i>Desarrollos a medida.<\/li>\n<\/ul>\n<p><\/p>\n","protected":false},"excerpt":{"rendered":"<p>Our jobs: Retrofit, construcci\u00f3n e instalaci\u00f3n de dispositivos electr\u00f3nicos transporte de munici\u00f3n y de disparo. Mantenimiento y reparaci\u00f3n de sistemas electrohidr\u00e1ulica especiales. Alza, giro y motorizaci\u00f3n. Sistema de prevenci\u00f3n perimetral externo, proyectado con barreras de microondas. Sistema de detecci\u00f3n de patentes, estad\u00edsticos, avisos. Desarrollos a medida.<\/p>\n","protected":false},"author":1,"featured_media":0,"parent":0,"menu_order":0,"comment_status":"closed","ping_status":"closed","template":"","meta":[],"_links":{"self":[{"href":"https:\/\/st-serviciotecnico.com.ar\/en\/wp-json\/wp\/v2\/pages\/343"}],"collection":[{"href":"https:\/\/st-serviciotecnico.com.ar\/en\/wp-json\/wp\/v2\/pages"}],"about":[{"href":"https:\/\/st-serviciotecnico.com.ar\/en\/wp-json\/wp\/v2\/types\/page"}],"author":[{"embeddable":true,"href":"https:\/\/st-serviciotecnico.com.ar\/en\/wp-json\/wp\/v2\/users\/1"}],"replies":[{"embeddable":true,"href":"https:\/\/st-serviciotecnico.com.ar\/en\/wp-json\/wp\/v2\/comments?post=343"}],"version-history":[{"count":11,"href":"https:\/\/st-serviciotecnico.com.ar\/en\/wp-json\/wp\/v2\/pages\/343\/revisions"}],"predecessor-version":[{"id":945,"href":"https:\/\/st-serviciotecnico.com.ar\/en\/wp-json\/wp\/v2\/pages\/343\/revisions\/945"}],"wp:attachment":[{"href":"https:\/\/st-serviciotecnico.com.ar\/en\/wp-json\/wp\/v2\/media?parent=343"}],"curies":[{"name":"wp","href":"https:\/\/api.w.org\/{rel}","templated":true}]}}